{"id":199,"date":"2019-03-27T21:27:02","date_gmt":"2019-03-27T20:27:02","guid":{"rendered":"https:\/\/www.lagirelle.ch\/?page_id=199"},"modified":"2023-12-26T19:45:37","modified_gmt":"2023-12-26T18:45:37","slug":"news","status":"publish","type":"page","link":"https:\/\/www.lagirelle.ch\/lagir\/news\/","title":{"rendered":"\u00e9v\u00e9n\u00e9ments pass\u00e9s"},"content":{"rendered":"\n<figure class=\"wp-block-gallery has-nested-images columns-default is-cropped wp-block-gallery-1 is-layout-flex wp-block-gallery-is-layout-flex\">\n<figure class=\"wp-block-image size-large\"><img decoding=\"async\" loading=\"lazy\" width=\"1024\" height=\"512\" data-id=\"434\" src=\"https:\/\/www.lagirelle.ch\/lagir\/wp-content\/uploads\/2023\/11\/Bellevue2-1024x512.jpg\" alt=\"\" class=\"wp-image-434\" srcset=\"https:\/\/www.lagirelle.ch\/lagir\/wp-content\/uploads\/2023\/11\/Bellevue2-1024x512.jpg 1024w, https:\/\/www.lagirelle.ch\/lagir\/wp-content\/uploads\/2023\/11\/Bellevue2-300x150.jpg 300w, https:\/\/www.lagirelle.ch\/lagir\/wp-content\/uploads\/2023\/11\/Bellevue2-768x384.jpg 768w, https:\/\/www.lagirelle.ch\/lagir\/wp-content\/uploads\/2023\/11\/Bellevue2.jpg 1200w\" sizes=\"(max-width: 1024px) 100vw, 1024px\" \/><\/figure>\n\n\n\n<figure class=\"wp-block-image size-large\"><img decoding=\"async\" loading=\"lazy\" width=\"1024\" height=\"512\" data-id=\"420\" src=\"https:\/\/www.lagirelle.ch\/lagir\/wp-content\/uploads\/2023\/11\/CZ04-1024x512.jpg\" alt=\"\" class=\"wp-image-420\" srcset=\"https:\/\/www.lagirelle.ch\/lagir\/wp-content\/uploads\/2023\/11\/CZ04-1024x512.jpg 1024w, https:\/\/www.lagirelle.ch\/lagir\/wp-content\/uploads\/2023\/11\/CZ04-300x150.jpg 300w, https:\/\/www.lagirelle.ch\/lagir\/wp-content\/uploads\/2023\/11\/CZ04-768x384.jpg 768w, https:\/\/www.lagirelle.ch\/lagir\/wp-content\/uploads\/2023\/11\/CZ04.jpg 1200w\" sizes=\"(max-width: 1024px) 100vw, 1024px\" \/><\/figure>\n\n\n\n<figure class=\"wp-block-image size-large\"><img decoding=\"async\" loading=\"lazy\" width=\"1024\" height=\"512\" data-id=\"401\" src=\"https:\/\/www.lagirelle.ch\/lagir\/wp-content\/uploads\/2023\/10\/MG_01-1024x512.jpg\" alt=\"\" class=\"wp-image-401\" srcset=\"https:\/\/www.lagirelle.ch\/lagir\/wp-content\/uploads\/2023\/10\/MG_01-1024x512.jpg 1024w, https:\/\/www.lagirelle.ch\/lagir\/wp-content\/uploads\/2023\/10\/MG_01-300x150.jpg 300w, https:\/\/www.lagirelle.ch\/lagir\/wp-content\/uploads\/2023\/10\/MG_01-768x384.jpg 768w, https:\/\/www.lagirelle.ch\/lagir\/wp-content\/uploads\/2023\/10\/MG_01.jpg 1200w\" sizes=\"(max-width: 1024px) 100vw, 1024px\" \/><\/figure>\n\n\n\n<figure class=\"wp-block-image size-large\"><img decoding=\"async\" loading=\"lazy\" width=\"1024\" height=\"512\" data-id=\"399\" src=\"https:\/\/www.lagirelle.ch\/lagir\/wp-content\/uploads\/2023\/10\/CZ02-1024x512.jpg\" alt=\"\" class=\"wp-image-399\" srcset=\"https:\/\/www.lagirelle.ch\/lagir\/wp-content\/uploads\/2023\/10\/CZ02-1024x512.jpg 1024w, https:\/\/www.lagirelle.ch\/lagir\/wp-content\/uploads\/2023\/10\/CZ02-300x150.jpg 300w, https:\/\/www.lagirelle.ch\/lagir\/wp-content\/uploads\/2023\/10\/CZ02-768x384.jpg 768w, https:\/\/www.lagirelle.ch\/lagir\/wp-content\/uploads\/2023\/10\/CZ02.jpg 1200w\" sizes=\"(max-width: 1024px) 100vw, 1024px\" \/><\/figure>\n\n\n\n<figure class=\"wp-block-image size-large\"><img decoding=\"async\" loading=\"lazy\" width=\"1024\" height=\"512\" data-id=\"391\" src=\"https:\/\/www.lagirelle.ch\/lagir\/wp-content\/uploads\/2023\/10\/CZ_03-1024x512.jpg\" alt=\"\" class=\"wp-image-391\" srcset=\"https:\/\/www.lagirelle.ch\/lagir\/wp-content\/uploads\/2023\/10\/CZ_03-1024x512.jpg 1024w, https:\/\/www.lagirelle.ch\/lagir\/wp-content\/uploads\/2023\/10\/CZ_03-300x150.jpg 300w, https:\/\/www.lagirelle.ch\/lagir\/wp-content\/uploads\/2023\/10\/CZ_03-768x384.jpg 768w, https:\/\/www.lagirelle.ch\/lagir\/wp-content\/uploads\/2023\/10\/CZ_03.jpg 1200w\" sizes=\"(max-width: 1024px) 100vw, 1024px\" \/><\/figure>\n\n\n\n<figure class=\"wp-block-image size-large\"><img decoding=\"async\" loading=\"lazy\" width=\"1024\" height=\"512\" data-id=\"389\" src=\"https:\/\/www.lagirelle.ch\/lagir\/wp-content\/uploads\/2023\/10\/CZ_01-1024x512.jpg\" alt=\"\" class=\"wp-image-389\" srcset=\"https:\/\/www.lagirelle.ch\/lagir\/wp-content\/uploads\/2023\/10\/CZ_01-1024x512.jpg 1024w, https:\/\/www.lagirelle.ch\/lagir\/wp-content\/uploads\/2023\/10\/CZ_01-300x150.jpg 300w, https:\/\/www.lagirelle.ch\/lagir\/wp-content\/uploads\/2023\/10\/CZ_01-768x384.jpg 768w, https:\/\/www.lagirelle.ch\/lagir\/wp-content\/uploads\/2023\/10\/CZ_01.jpg 1200w\" sizes=\"(max-width: 1024px) 100vw, 1024px\" \/><\/figure>\n\n\n\n<figure class=\"wp-block-image size-large\"><img decoding=\"async\" loading=\"lazy\" width=\"1024\" height=\"512\" data-id=\"364\" src=\"https:\/\/www.lagirelle.ch\/lagir\/wp-content\/uploads\/slider2\/04-1024x512.jpeg\" alt=\"\" class=\"wp-image-364\" srcset=\"https:\/\/www.lagirelle.ch\/lagir\/wp-content\/uploads\/slider2\/04-1024x512.jpeg 1024w, https:\/\/www.lagirelle.ch\/lagir\/wp-content\/uploads\/slider2\/04-300x150.jpeg 300w, https:\/\/www.lagirelle.ch\/lagir\/wp-content\/uploads\/slider2\/04-768x384.jpeg 768w, https:\/\/www.lagirelle.ch\/lagir\/wp-content\/uploads\/slider2\/04.jpeg 1200w\" sizes=\"(max-width: 1024px) 100vw, 1024px\" \/><\/figure>\n<\/figure>\n\n\n\n<p>Consultez les derniers \u00e9v\u00e9nements auxquels ont particip\u00e9 certain\u00b7e\u00b7x\u00b7s membres de La Girelle!<\/p>\n","protected":false},"excerpt":{"rendered":"<p>Consultez les derniers \u00e9v\u00e9nements auxquels ont particip\u00e9 certain\u00b7e\u00b7x\u00b7s membres de La Girelle!<\/p>\n","protected":false},"author":1,"featured_media":0,"parent":0,"menu_order":0,"comment_status":"closed","ping_status":"closed","template":"","meta":{"footnotes":""},"_links":{"self":[{"href":"https:\/\/www.lagirelle.ch\/lagir\/wp-json\/wp\/v2\/pages\/199"}],"collection":[{"href":"https:\/\/www.lagirelle.ch\/lagir\/wp-json\/wp\/v2\/pages"}],"about":[{"href":"https:\/\/www.lagirelle.ch\/lagir\/wp-json\/wp\/v2\/types\/page"}],"author":[{"embeddable":true,"href":"https:\/\/www.lagirelle.ch\/lagir\/wp-json\/wp\/v2\/users\/1"}],"replies":[{"embeddable":true,"href":"https:\/\/www.lagirelle.ch\/lagir\/wp-json\/wp\/v2\/comments?post=199"}],"version-history":[{"count":45,"href":"https:\/\/www.lagirelle.ch\/lagir\/wp-json\/wp\/v2\/pages\/199\/revisions"}],"predecessor-version":[{"id":519,"href":"https:\/\/www.lagirelle.ch\/lagir\/wp-json\/wp\/v2\/pages\/199\/revisions\/519"}],"wp:attachment":[{"href":"https:\/\/www.lagirelle.ch\/lagir\/wp-json\/wp\/v2\/media?parent=199"}],"curies":[{"name":"wp","href":"https:\/\/api.w.org\/{rel}","templated":true}]}}